{"id":6536,"date":"2025-11-14T00:06:07","date_gmt":"2025-11-14T00:06:07","guid":{"rendered":"https:\/\/bkhourfes.com\/?page_id=6536"},"modified":"2025-11-14T00:23:23","modified_gmt":"2025-11-14T00:23:23","slug":"terms-and-conditions","status":"publish","type":"page","link":"https:\/\/bkhourfes.com\/fr\/terms-and-conditions\/","title":{"rendered":"Terms and Conditions"},"content":{"rendered":"<div data-elementor-type=\"wp-page\" data-elementor-id=\"6536\" class=\"elementor elementor-6536\">\n\t\t\t\t<div class=\"elementor-element elementor-element-018ade2 e-flex e-con-boxed e-con e-parent\" data-id=\"018ade2\" data-element_type=\"container\">\n\t\t\t\t\t<div class=\"e-con-inner\">\n\t\t<div class=\"elementor-element elementor-element-f71f6c2 e-con-full e-flex e-con e-child\" data-id=\"f71f6c2\" data-element_type=\"container\">\n\t\t\t\t<div class=\"elementor-element elementor-element-0f3a301 elementor-widget elementor-widget-text-editor\" data-id=\"0f3a301\" data-element_type=\"widget\" data-widget_type=\"text-editor.default\">\n\t\t\t\t<div class=\"elementor-widget-container\">\n\t\t\t\t\t\t\t\t\t\n<h1 style=\"font-family: 'Poppins', sans-serif; font-weight: 600;\"><strong>Conditions g\u00e9n\u00e9rales \u2013 Bkhour F\u00e8s<\/strong><\/h1>\n<p style=\"font-family: 'Poppins', sans-serif; font-weight: 400;\">Date d'entr\u00e9e en vigueur : 14 novembre 2025<\/p>\n\n<p>Bienvenue sur <strong>Bkhour F\u00e8s<\/strong>En acc\u00e9dant \u00e0 notre site web ou en utilisant nos services, vous acceptez de vous conformer aux pr\u00e9sentes conditions g\u00e9n\u00e9rales. Veuillez les lire attentivement.<\/p>\n\n<h4 style=\"font-family: 'Poppins', sans-serif; font-weight: 500; color: #000000;\"><strong>1. Acceptation des conditions<\/strong><\/h4>\n<p>En utilisant notre site web, en passant une commande ou en interagissant avec nos services, vous acceptez d'\u00eatre li\u00e9 par les pr\u00e9sentes Conditions g\u00e9n\u00e9rales et notre Politique de confidentialit\u00e9.<\/p>\n\n<h4 style=\"font-family: 'Poppins', sans-serif; font-weight: 500; color: #000000;\"><strong>2. Produits et services<\/strong><\/h4>\n<p><strong>Bkhour F\u00e8s<\/strong> Sp\u00e9cialis\u00e9e dans l'encens marocain haut de gamme et les produits d\u00e9riv\u00e9s, notre entreprise s'efforce de fournir des informations exactes, mais ne peut garantir l'absence d'erreurs dans les descriptions de produits ou le contenu du site web.<\/p>\n\n<h4 style=\"font-family: 'Poppins', sans-serif; font-weight: 500; color: #000000;\"><strong>3. Commandes et paiement<\/strong><\/h4>\n<p>Les commandes peuvent \u00eatre pass\u00e9es via notre site web ou nos canaux agr\u00e9\u00e9s. Le paiement doit \u00eatre effectu\u00e9 par les moyens propos\u00e9s. Nous nous r\u00e9servons le droit d'annuler toute commande \u00e0 notre enti\u00e8re discr\u00e9tion.<\/p>\n\n<h4 style=\"font-family: 'Poppins', sans-serif; font-weight: 500; color: #000000;\"><strong>4. Exp\u00e9dition et livraison<\/strong><\/h4>\n<ul>\n<li>Les frais de livraison et les d\u00e9lais d'exp\u00e9dition sont indiqu\u00e9s lors du paiement.<\/li>\n<li>Des retards peuvent survenir en raison de circonstances ind\u00e9pendantes de notre volont\u00e9.<\/li>\n<li>Le risque de perte est transf\u00e9r\u00e9 au client d\u00e8s la livraison.<\/li>\n<\/ul>\n\n<h4 style=\"font-family: 'Poppins', sans-serif; font-weight: 500; color: #000000;\"><strong>5. Retours et remboursements<\/strong><\/h4>\n<ul>\n<li>Les retours et les remboursements sont r\u00e9gis par notre <a href=\"\/fr\/refund-policy\/\">Politique de retour et de remboursement<\/a>.<\/li>\n<li>Les produits doivent \u00eatre retourn\u00e9s dans leur \u00e9tat et emballage d'origine pour pouvoir pr\u00e9tendre \u00e0 un remboursement.<\/li>\n<\/ul>\n\n<h4 style=\"font-family: 'Poppins', sans-serif; font-weight: 500; color: #000000;\"><strong>6. Propri\u00e9t\u00e9 intellectuelle<\/strong><\/h4>\n<p>L'ensemble du contenu de ce site web, y compris les images, les textes, les logos et les designs, est la propri\u00e9t\u00e9 de <strong>Bkhour F\u00e8s<\/strong> ou ses conc\u00e9dants de licence. Toute utilisation non autoris\u00e9e est interdite.<\/p>\n\n<h4 style=\"font-family: 'Poppins', sans-serif; font-weight: 500; color: #000000;\"><strong>7. Limitation de responsabilit\u00e9<\/strong><\/h4>\n<p>Bkhour F\u00e8s d\u00e9cline toute responsabilit\u00e9 pour les dommages indirects, accessoires ou cons\u00e9cutifs r\u00e9sultant de l'utilisation de son site web ou de ses produits. La responsabilit\u00e9 de Bkhour F\u00e8s est limit\u00e9e au prix d'achat du produit.<\/p>\n\n<h4 style=\"font-family: 'Poppins', sans-serif; font-weight: 500; color: #000000;\"><strong>8. Confidentialit\u00e9<\/strong><\/h4>\n<p>Vos informations personnelles sont trait\u00e9es conform\u00e9ment \u00e0 notre <a href=\"\/fr\/privacy-policy\/\">Politique de Confidentialit\u00e9<\/a>.<\/p>\n\n<h4 style=\"font-family: 'Poppins', sans-serif; font-weight: 500; color: #000000;\"><strong>9. Modifications des conditions<\/strong><\/h4>\n<p>Nous pouvons \u00eatre amen\u00e9s \u00e0 modifier les pr\u00e9sentes Conditions g\u00e9n\u00e9rales. La \u00ab\u00a0Date d\u2019entr\u00e9e en vigueur\u00a0\u00bb correspond \u00e0 la derni\u00e8re mise \u00e0 jour. En continuant \u00e0 utiliser le site web, vous acceptez les modifications apport\u00e9es.<\/p>\n\n<h4 style=\"font-family: 'Poppins', sans-serif; font-weight: 500; color: #000000;\"><strong>10. Droit applicable<\/strong><\/h4>\n<p>Les pr\u00e9sentes conditions g\u00e9n\u00e9rales sont r\u00e9gies par le droit marocain. Tout litige sera soumis \u00e0 la comp\u00e9tence des tribunaux marocains.<\/p>\n\n<h4 style=\"font-family: 'Poppins', sans-serif; font-weight: 500; color: #000000;\"><strong>11. Contactez-nous<\/strong><\/h4>\n<p>Pour toute question ou pr\u00e9occupation concernant ces conditions g\u00e9n\u00e9rales, veuillez nous contacter via\u00a0: <a href=\"https:\/\/wa.me\/message\/HKOCFEF4FWIWC1\" target=\"_blank\" rel=\"noopener\">WhatsApp<\/a> | <a href=\"https:\/\/www.instagram.com\/bkhour.fes\/\" target=\"_blank\" rel=\"noopener\">Instagram<\/a> | <a href=\"https:\/\/bkhourfes.com\/fr\/contact-us\/\">Formulaire de contact<\/a><\/p>\n\n<p><strong>Bkhour F\u00e8s<\/strong><\/p>\n\n\t\t\t\t\t\t\t\t<\/div>\n\t\t\t\t<\/div>\n\t\t\t\t<\/div>\n\t\t\t\t\t<\/div>\n\t\t\t\t<\/div>\n\t\t\t\t<\/div>","protected":false},"excerpt":{"rendered":"<p>Terms and Conditions \u2013 Bkhour F\u00e8s Effective Date: 14-Nov-2025 Welcome to Bkhour F\u00e8s. By accessing our website or using our services, you agree to comply with these Terms and Conditions. Please read them carefully. 1. Acceptance of Terms By using our website, placing an order, or interacting with our services, you accept and agree to [&hellip;]<\/p>","protected":false},"author":1,"featured_media":0,"parent":0,"menu_order":0,"comment_status":"closed","ping_status":"closed","template":"","meta":{"footnotes":""},"class_list":["post-6536","page","type-page","status-publish","hentry"],"_hostinger_reach_plugin_has_subscription_block":false,"_hostinger_reach_plugin_is_elementor":false,"_links":{"self":[{"href":"https:\/\/bkhourfes.com\/fr\/wp-json\/wp\/v2\/pages\/6536","targetHints":{"allow":["GET"]}}],"collection":[{"href":"https:\/\/bkhourfes.com\/fr\/wp-json\/wp\/v2\/pages"}],"about":[{"href":"https:\/\/bkhourfes.com\/fr\/wp-json\/wp\/v2\/types\/page"}],"author":[{"embeddable":true,"href":"https:\/\/bkhourfes.com\/fr\/wp-json\/wp\/v2\/users\/1"}],"replies":[{"embeddable":true,"href":"https:\/\/bkhourfes.com\/fr\/wp-json\/wp\/v2\/comments?post=6536"}],"version-history":[{"count":10,"href":"https:\/\/bkhourfes.com\/fr\/wp-json\/wp\/v2\/pages\/6536\/revisions"}],"predecessor-version":[{"id":6557,"href":"https:\/\/bkhourfes.com\/fr\/wp-json\/wp\/v2\/pages\/6536\/revisions\/6557"}],"wp:attachment":[{"href":"https:\/\/bkhourfes.com\/fr\/wp-json\/wp\/v2\/media?parent=6536"}],"curies":[{"name":"wp","href":"https:\/\/api.w.org\/{rel}","templated":true}]}}